{"id":6,"date":"2021-05-04T20:51:03","date_gmt":"2021-05-04T18:51:03","guid":{"rendered":"http:\/\/solyabebe.com\/shop\/?page_id=6"},"modified":"2021-06-29T00:28:04","modified_gmt":"2021-06-28T22:28:04","slug":"a-propos-de","status":"publish","type":"page","link":"https:\/\/solyabebe.com\/shop\/index.php\/a-propos-de\/","title":{"rendered":"\u00c0 propos de"},"content":{"rendered":"\n<p><strong>Concept<\/strong><\/p>\n\n\n\n<p>L\u2019ADN de Solya: <\/p>\n\n\n\n<p><strong>Un confort de b\u00e9b\u00e9\/parent<\/strong> : Nous proposons des produits qui permettent \u00e0 la fois \u00e0 b\u00e9b\u00e9 d\u2019\u00eatre confortable, nomade et qui facilitent la vie quotidienne des parents.<\/p>\n\n\n\n<p><strong>Une qualit\u00e9 sup\u00e9rieure<\/strong> : Nous vous concoctons de magnifiques tissus de haute qualit\u00e9, et des mat\u00e9riaux certfi\u00e9s, le tout sans substances nocives pour b\u00e9b\u00e9<\/p>\n\n\n\n<p><strong>Une cr\u00e9ation sur mesure<\/strong> : Vous choisissez les tissus et motifs&nbsp; qui vous font plaisir, nous nous occupons du reste\u2026<\/p>\n\n\n\n<p><\/p>\n\n\n\n<p><strong>Histoire<\/strong><\/p>\n\n\n\n<p>Chaque b\u00e9b\u00e9 m\u00e9rite ce qui a de meilleur pour bien d\u00e9marrer les premiers mois de sa vie, c\u2019est toute la pr\u00e9occupation  de notre marque.<br>L\u2019histoire de Solya a commenc\u00e9 quand sa cr\u00e9atrice maman de deux magnifiques filles a d\u00e9cid\u00e9 d\u2019acqu\u00e9rir un trousseau pour sa premi\u00e8re fille.<br>Elle a fait le tour du march\u00e9 parisien mais la combinaison; qualit\u00e9, beaut\u00e9 et prix n\u2019a pas \u00e9t\u00e9 au RDV.<\/p>\n\n\n\n<p>Elle a donc d\u00e9cid\u00e9 d\u2019acheter du tissu puis confectionner le trousseau de son ain\u00e9e en 2018 puis de sa cadette en 2020, puis les premiers trousseaux pour les enfants des amis\u2026puis les enfants des amis des amis \u2026<\/p>\n\n\n\n<p>Voil\u00e0 l\u2019histoire de Solya qui, aujourd\u2019hui met la qualit\u00e9 et la beaut\u00e9\u00a0au centre de ses preoccupations pour continuer \u00e0 vous proposer des cr\u00e9ations uniques r\u00e9pondant au besoin de chaque b\u00e9b\u00e9 et parent ! <\/p>\n\n\n\n<p><\/p>\n\n\n\n<p><strong>Mat\u00e9riaux<\/strong><\/p>\n\n\n\n<p>Nos cr\u00e9ations sont fabriqu\u00e9es \u00e0 base de tissus 100% coton certifi\u00e9s Oeko-Tex ou GOTS, de la fibre et molleton Hypoallerg\u00e9nique, anti-acarien et certifi\u00e9s.<\/p>\n\n\n\n<p>Il ne vous reste plus qu\u2019\u00e0 faire votre choix !<\/p>\n","protected":false},"excerpt":{"rendered":"<p>Concept L\u2019ADN de Solya: Un confort de b\u00e9b\u00e9\/parent : Nous proposons des produits qui permettent \u00e0 la fois \u00e0 b\u00e9b\u00e9 d\u2019\u00eatre confortable, nomade et qui facilitent la vie quotidienne des parents. Une qualit\u00e9 sup\u00e9rieure : Nous vous concoctons de magnifiques tissus de haute qualit\u00e9, et des mat\u00e9riaux certfi\u00e9s, le tout sans substances nocives pour b\u00e9b\u00e9 [&hellip;]<\/p>\n","protected":false},"author":1,"featured_media":0,"parent":0,"menu_order":0,"comment_status":"closed","ping_status":"closed","template":"","meta":{"_monsterinsights_skip_tracking":false,"_monsterinsights_sitenote_active":false,"_monsterinsights_sitenote_note":"","_monsterinsights_sitenote_category":0,"spay_email":""},"_links":{"self":[{"href":"https:\/\/solyabebe.com\/shop\/index.php\/wp-json\/wp\/v2\/pages\/6"}],"collection":[{"href":"https:\/\/solyabebe.com\/shop\/index.php\/wp-json\/wp\/v2\/pages"}],"about":[{"href":"https:\/\/solyabebe.com\/shop\/index.php\/wp-json\/wp\/v2\/types\/page"}],"author":[{"embeddable":true,"href":"https:\/\/solyabebe.com\/shop\/index.php\/wp-json\/wp\/v2\/users\/1"}],"replies":[{"embeddable":true,"href":"https:\/\/solyabebe.com\/shop\/index.php\/wp-json\/wp\/v2\/comments?post=6"}],"version-history":[{"count":8,"href":"https:\/\/solyabebe.com\/shop\/index.php\/wp-json\/wp\/v2\/pages\/6\/revisions"}],"predecessor-version":[{"id":757,"href":"https:\/\/solyabebe.com\/shop\/index.php\/wp-json\/wp\/v2\/pages\/6\/revisions\/757"}],"wp:attachment":[{"href":"https:\/\/solyabebe.com\/shop\/index.php\/wp-json\/wp\/v2\/media?parent=6"}],"curies":[{"name":"wp","href":"https:\/\/api.w.org\/{rel}","templated":true}]}}