{"id":705,"date":"2021-05-25T00:15:09","date_gmt":"2021-05-24T22:15:09","guid":{"rendered":"https:\/\/solyabebe.com\/shop\/?page_id=705"},"modified":"2021-05-25T00:27:05","modified_gmt":"2021-05-24T22:27:05","slug":"atelier","status":"publish","type":"page","link":"https:\/\/solyabebe.com\/shop\/index.php\/atelier\/","title":{"rendered":"Sur Mesure"},"content":{"rendered":"<div data-block-name=\"woocommerce\/handpicked-products\" data-columns=\"2\" data-edit-mode=\"false\" data-orderby=\"price_asc\" data-products=\"[595,526]\" class=\"wc-block-grid wp-block-handpicked-products wc-block-handpicked-products has-2-columns has-multiple-rows\"><ul class=\"wc-block-grid__products\"><li class=\"wc-block-grid__product\"> \n\t\t\t\t<a href=\"https:\/\/solyabebe.com\/shop\/index.php\/produit\/solya-nid-dange\/\" class=\"wc-block-grid__product-link\">\n                    \n\t\t\t\t\t<div class=\"wc-block-grid__product-image\"><img width=\"324\" height=\"324\" src=\"https:\/\/solyabebe.com\/shop\/wp-content\/uploads\/2021\/05\/Trousseau-OekoTEX-1-324x324.jpeg\" class=\"attachment-woocommerce_thumbnail size-woocommerce_thumbnail\" alt=\"Trousseau coton certifi\u00e9 Oeko-Tex (7pi\u00e8ces)\" loading=\"lazy\" srcset=\"https:\/\/solyabebe.com\/shop\/wp-content\/uploads\/2021\/05\/Trousseau-OekoTEX-1-324x324.jpeg 324w, https:\/\/solyabebe.com\/shop\/wp-content\/uploads\/2021\/05\/Trousseau-OekoTEX-1-150x150.jpeg 150w, https:\/\/solyabebe.com\/shop\/wp-content\/uploads\/2021\/05\/Trousseau-OekoTEX-1-100x100.jpeg 100w\" sizes=\"(max-width: 324px) 100vw, 324px\" \/><\/div>\n\t\t\t\t\t<div class=\"wc-block-grid__product-title\">Trousseau coton certifi\u00e9 Oeko-Tex (7pi\u00e8ces)<\/div>\n\t\t\t\t<\/a>\n\t\t\t\t\n\t\t\t\t<div class=\"wc-block-grid__product-price price\"><span class=\"woocommerce-Price-amount amount\">159,00<span class=\"woocommerce-Price-currencySymbol\">&euro;<\/span><\/span><\/div>\n\t\t\t\t\n\t\t\t\t<div class=\"wp-block-button wc-block-grid__product-add-to-cart\"><a href=\"https:\/\/solyabebe.com\/shop\/index.php\/produit\/solya-nid-dange\/\" aria-label=\"S\u00e9lectionner les options pour &ldquo;Trousseau coton certifi\u00e9 Oeko-Tex (7pi\u00e8ces)&rdquo;\" data-quantity=\"1\" data-product_id=\"526\" data-product_sku=\"\" rel=\"nofollow\" class=\"wp-block-button__link add_to_cart_button\">Choix des options<\/a><\/div>\n\t\t\t<\/li><li class=\"wc-block-grid__product\"> \n\t\t\t\t<a href=\"https:\/\/solyabebe.com\/shop\/index.php\/produit\/solya-trousseau-bio\/\" class=\"wc-block-grid__product-link\">\n                    \n\t\t\t\t\t<div class=\"wc-block-grid__product-image\"><img width=\"324\" height=\"324\" src=\"https:\/\/solyabebe.com\/shop\/wp-content\/uploads\/2021\/05\/Trousseau-Gots-324x324.jpeg\" class=\"attachment-woocommerce_thumbnail size-woocommerce_thumbnail\" alt=\"Trousseau coton Bio certifi\u00e9 GOTS (7pi\u00e8ces)\" loading=\"lazy\" srcset=\"https:\/\/solyabebe.com\/shop\/wp-content\/uploads\/2021\/05\/Trousseau-Gots-324x324.jpeg 324w, https:\/\/solyabebe.com\/shop\/wp-content\/uploads\/2021\/05\/Trousseau-Gots-150x150.jpeg 150w, https:\/\/solyabebe.com\/shop\/wp-content\/uploads\/2021\/05\/Trousseau-Gots-100x100.jpeg 100w\" sizes=\"(max-width: 324px) 100vw, 324px\" \/><\/div>\n\t\t\t\t\t<div class=\"wc-block-grid__product-title\">Trousseau coton Bio certifi\u00e9 GOTS (7pi\u00e8ces)<\/div>\n\t\t\t\t<\/a>\n\t\t\t\t\n\t\t\t\t<div class=\"wc-block-grid__product-price price\"><span class=\"woocommerce-Price-amount amount\">199,00<span class=\"woocommerce-Price-currencySymbol\">&euro;<\/span><\/span><\/div>\n\t\t\t\t\n\t\t\t\t<div class=\"wp-block-button wc-block-grid__product-add-to-cart\"><a href=\"https:\/\/solyabebe.com\/shop\/index.php\/produit\/solya-trousseau-bio\/\" aria-label=\"S\u00e9lectionner les options pour &ldquo;Trousseau coton Bio certifi\u00e9 GOTS (7pi\u00e8ces)&rdquo;\" data-quantity=\"1\" data-product_id=\"595\" data-product_sku=\"\" rel=\"nofollow\" class=\"wp-block-button__link add_to_cart_button\">Choix des options<\/a><\/div>\n\t\t\t<\/li><\/ul><\/div>\n\n\n<p><\/p>\n","protected":false},"excerpt":{"rendered":"","protected":false},"author":1,"featured_media":0,"parent":0,"menu_order":0,"comment_status":"closed","ping_status":"closed","template":"","meta":{"_monsterinsights_skip_tracking":false,"_monsterinsights_sitenote_active":false,"_monsterinsights_sitenote_note":"","_monsterinsights_sitenote_category":0,"spay_email":""},"_links":{"self":[{"href":"https:\/\/solyabebe.com\/shop\/index.php\/wp-json\/wp\/v2\/pages\/705"}],"collection":[{"href":"https:\/\/solyabebe.com\/shop\/index.php\/wp-json\/wp\/v2\/pages"}],"about":[{"href":"https:\/\/solyabebe.com\/shop\/index.php\/wp-json\/wp\/v2\/types\/page"}],"author":[{"embeddable":true,"href":"https:\/\/solyabebe.com\/shop\/index.php\/wp-json\/wp\/v2\/users\/1"}],"replies":[{"embeddable":true,"href":"https:\/\/solyabebe.com\/shop\/index.php\/wp-json\/wp\/v2\/comments?post=705"}],"version-history":[{"count":8,"href":"https:\/\/solyabebe.com\/shop\/index.php\/wp-json\/wp\/v2\/pages\/705\/revisions"}],"predecessor-version":[{"id":717,"href":"https:\/\/solyabebe.com\/shop\/index.php\/wp-json\/wp\/v2\/pages\/705\/revisions\/717"}],"wp:attachment":[{"href":"https:\/\/solyabebe.com\/shop\/index.php\/wp-json\/wp\/v2\/media?parent=705"}],"curies":[{"name":"wp","href":"https:\/\/api.w.org\/{rel}","templated":true}]}}