{"id":700,"date":"2021-05-24T18:18:18","date_gmt":"2021-05-24T16:18:18","guid":{"rendered":"https:\/\/solyabebe.com\/shop\/?post_type=product&#038;p=700"},"modified":"2021-06-28T23:50:45","modified_gmt":"2021-06-28T21:50:45","slug":"solya-trousseau-elephant-gris","status":"publish","type":"product","link":"https:\/\/solyabebe.com\/shop\/index.php\/produit\/solya-trousseau-elephant-gris\/","title":{"rendered":"Solya Trousseau Elephant Gris"},"content":{"rendered":"<p><span style=\"vertical-align: inherit;\"><strong>Babynest:<\/strong><br \/>\n<\/span><span style=\"vertical-align: inherit;\">Le solya babynest est r\u00e9versible et extensible<\/span><br \/>\n<span style=\"vertical-align: inherit;\">Il accompagne b\u00e9b\u00e9 d\u00e8s sa naissance pour un meilleur confort et un sommeil paisible <\/span><br \/>\n<span style=\"vertical-align: inherit;\">Ce babynest peut servir de r\u00e9ducteur de lit en prot\u00e8geant b\u00e9b\u00e9 des barreaux du lit, avec une sensation cocooning <\/span><br \/>\n<span style=\"vertical-align: inherit;\">Les parents n&rsquo;ont plus de difficult\u00e9 \u00e0 d\u00e9placer b\u00e9b\u00e9 dans les diff\u00e9rentes pi\u00e8ces de la maison tout en gardant la m\u00eame chaleur et odeur rassurantes<\/span><\/p>\n<p><strong><span style=\"vertical-align: inherit;\">Topponcino Montessori:<\/span><\/strong><br \/>\n<span style=\"vertical-align: inherit;\"> Le metelas de b\u00e9b\u00e9 pens\u00e9 par Maria Montessori pour assurer au nouveau-n\u00e9 un bon maintien de son corps et de sa t\u00eate et lui apporter un sentiment de s\u00e9curit\u00e9 tout en maintenant l&rsquo;odeur et la chaleur<\/span><\/p>\n<p><span style=\"vertical-align: inherit;\"><strong>Gigoteuse de naissance:<br \/>\n<\/strong><\/span><span style=\"vertical-align: inherit;\"> Utilisable dans une chambre entre 18 \u00b0 et 22 \u00b0 <\/span><br \/>\n<span style=\"vertical-align: inherit;\">Elle permet d&rsquo;envelopper b\u00e9b\u00e9 facilement gr\u00e2ce \u00e0 ses boutons-pressions au niveau des \u00e9paules, et le zip sur le cot\u00e9<\/span><\/p>\n<p><strong><span style=\"vertical-align: inherit;\">Nid d&rsquo;ange:<\/span><\/strong><br \/>\n<span style=\"vertical-align: inherit;\"> Couverture enveloppante r\u00e9versible et modulable <\/span><br \/>\n<span style=\"vertical-align: inherit;\">Ce nid d&rsquo;ange accompagne b\u00e9b\u00e9 d\u00e8s la naissance pour un meilleur confort en d\u00e9placement <\/span><br \/>\n<span style=\"vertical-align: inherit;\">Une fois ouvert, il sert de couverture ou de tapis, tr\u00e8s pratique pour des sorties avec b\u00e9b\u00e9<\/span><\/p>\n<ul>\n<li><strong><span style=\"vertical-align: inherit;\">Caract\u00e9ristiques:<\/span><\/strong><br \/>\n<span style=\"vertical-align: inherit;\"> Fabriqu\u00e9 en France <\/span><br \/>\n<span style=\"vertical-align: inherit;\">Fait \u00e0 la main <\/span><br \/>\n<span style=\"vertical-align: inherit;\">Produit s&rsquo;adaptant \u00e0 toutes les saisons<\/span><\/li>\n<li><strong><span style=\"vertical-align: inherit;\">Composition:<\/span><\/strong><br \/>\n<span style=\"vertical-align: inherit;\"> Tissu principal: 100% coton certifi\u00e9 Oeko-Tex \u00e0 motif de votre choix <\/span><br \/>\n<span style=\"vertical-align: inherit;\">Doublure: 100% coton certifi\u00e9 Oeko-Tex uni de votre choix <\/span><br \/>\n<span style=\"vertical-align: inherit;\">Bordure \/ raccord: 100% coton certifi\u00e9 Oeko-Tex uni de votre choix <\/span><br \/>\n<span style=\"vertical-align: inherit;\">Garnissage: molleton certifi\u00e9 Oeko-Tex<\/span><\/li>\n<li><strong><span style=\"vertical-align: inherit;\">Conseil d&rsquo;entretien:<\/span><\/strong><br \/>\n<span style=\"vertical-align: inherit;\"> Lavage en machine 30 \u00b0 C <\/span><br \/>\n<span style=\"vertical-align: inherit;\">Ne pas repasser<\/span><\/li>\n<\/ul>\n","protected":false},"excerpt":{"rendered":"<p>Babynest: Le solya babynest est r\u00e9versible et extensible Il accompagne b\u00e9b\u00e9 d\u00e8s sa naissance pour un meilleur confort et un sommeil paisible Ce babynest peut servir de r\u00e9ducteur de lit en prot\u00e8geant b\u00e9b\u00e9 des barreaux du lit, avec une sensation cocooning Les parents n&rsquo;ont plus de difficult\u00e9 \u00e0 d\u00e9placer b\u00e9b\u00e9 dans les diff\u00e9rentes pi\u00e8ces de [&hellip;]<\/p>\n","protected":false},"featured_media":702,"template":"","meta":{"_monsterinsights_skip_tracking":false,"_monsterinsights_sitenote_active":false,"_monsterinsights_sitenote_note":"","_monsterinsights_sitenote_category":0,"spay_email":"","jetpack_publicize_message":"","jetpack_is_tweetstorm":false,"jetpack_publicize_feature_enabled":true},"product_cat":[72],"product_tag":[],"_links":{"self":[{"href":"https:\/\/solyabebe.com\/shop\/index.php\/wp-json\/wp\/v2\/product\/700"}],"collection":[{"href":"https:\/\/solyabebe.com\/shop\/index.php\/wp-json\/wp\/v2\/product"}],"about":[{"href":"https:\/\/solyabebe.com\/shop\/index.php\/wp-json\/wp\/v2\/types\/product"}],"wp:featuredmedia":[{"embeddable":true,"href":"https:\/\/solyabebe.com\/shop\/index.php\/wp-json\/wp\/v2\/media\/702"}],"wp:attachment":[{"href":"https:\/\/solyabebe.com\/shop\/index.php\/wp-json\/wp\/v2\/media?parent=700"}],"wp:term":[{"taxonomy":"product_cat","embeddable":true,"href":"https:\/\/solyabebe.com\/shop\/index.php\/wp-json\/wp\/v2\/product_cat?post=700"},{"taxonomy":"product_tag","embeddable":true,"href":"https:\/\/solyabebe.com\/shop\/index.php\/wp-json\/wp\/v2\/product_tag?post=700"}],"curies":[{"name":"wp","href":"https:\/\/api.w.org\/{rel}","templated":true}]}}